{"id":1670,"date":"2018-01-29T16:05:34","date_gmt":"2018-01-29T15:05:34","guid":{"rendered":"http:\/\/staging.krumscheid.de\/?page_id=1670"},"modified":"2023-01-24T11:24:31","modified_gmt":"2023-01-24T10:24:31","slug":"multirota","status":"publish","type":"page","link":"https:\/\/www.krumscheid.de\/en\/products\/multirota\/","title":{"rendered":"Multirota brush wiper"},"content":{"rendered":"<div class=\"wpb-content-wrapper\"><p>[vc_row css_animation=&#8221;element_from_left&#8221; row_type=&#8221;row&#8221; use_row_as_full_screen_section=&#8221;no&#8221; type=&#8221;grid&#8221; angled_section=&#8221;no&#8221; text_align=&#8221;left&#8221; background_image_as_pattern=&#8221;without_pattern&#8221; css=&#8221;.vc_custom_1514456220250{padding-top: 45px !important;padding-bottom: 45px !important;background-color: #706f6f !important;}&#8221;][vc_column][vc_column_text css=&#8221;.vc_custom_1514554787635{padding-top: 10px !important;}&#8221;]<\/p>\n<h6><span style=\"color: #c6c6c6;\">The robust, belt friendly brush wiper Multirota<\/span><\/h6>\n<p>[\/vc_column_text][\/vc_column][\/vc_row][vc_row css_animation=&#8221;element_from_left&#8221; row_type=&#8221;row&#8221; use_row_as_full_screen_section=&#8221;no&#8221; type=&#8221;grid&#8221; angled_section=&#8221;no&#8221; text_align=&#8221;left&#8221; background_image_as_pattern=&#8221;without_pattern&#8221; css=&#8221;.vc_custom_1510755521447{padding-top: 45px !important;padding-bottom: 45px !important;}&#8221;][vc_column]<div class='q_icon_with_title small normal_icon left_from_title '><div class=\"icon_text_holder\" style=\"\"><div class=\"icon_text_inner\" style=\"\"><div class=\"icon_title_holder\"><div class=\"icon_holder \" style=\" \"><span data-icon-type=\"normal\" class=\"qode_iwt_icon_holder q_font_awsome_icon fa-2x  \"><span aria-hidden=\"true\" class=\"qode_icon_font_elegant icon_cog qode_iwt_icon_element\" style=\"color: #c51a1b\"><\/span><\/span><\/div><h3 class=\"icon_title\" style=\"\">SYSTEM<\/h3><\/div><p style=''><\/p><\/div><\/div><\/div>[vc_row_inner row_type=&#8221;row&#8221; type=&#8221;full_width&#8221; text_align=&#8221;left&#8221; css_animation=&#8221;&#8221;][vc_column_inner width=&#8221;2\/3&#8243;][vc_column_text css=&#8221;.vc_custom_1521382138885{padding-bottom: 40px !important;background-position: center !important;background-repeat: no-repeat !important;background-size: contain !important;}&#8221;]The brush wiper MULTIROTA consists of a basic body and segmented gears, which are interconnected and provided with individual coupling. An engine, which is mounted on the side, operates the brush heads. The whole system is adjustable in height by telescopic tubes on the belt frame.<br \/>\nThe basic version of the MULTIROTA brush wiper includes robust PA-bristles. Optionally, various bristle heights and materials can be used. The MULTIROTA is friendly in maintenance. Gearboxes can be replaced individually. Depending on customer request we supply the multirota with casing to collect the scraped material.[\/vc_column_text][\/vc_column_inner][vc_column_inner width=&#8221;1\/3&#8243;]<div class=\"qode_video_box\">\n\t<a itemprop=\"image\" class=\"qode_video_image\" href=\"https:\/\/www.youtube.com\/watch?v=P24eqG5FnkM\" data-rel=\"prettyPhoto\">\n\t\t\t\t\t<img loading=\"lazy\" decoding=\"async\" width=\"600\" height=\"310\" src=\"https:\/\/www.krumscheid.de\/wp-content\/uploads\/2017\/11\/Reinigungseinheit-Abstreifer.jpg\" class=\"attachment-full size-full\" alt=\"B\u00fcrstenk\u00f6pfe am F\u00f6rderband\" srcset=\"https:\/\/www.krumscheid.de\/wp-content\/uploads\/2017\/11\/Reinigungseinheit-Abstreifer.jpg 600w, https:\/\/www.krumscheid.de\/wp-content\/uploads\/2017\/11\/Reinigungseinheit-Abstreifer-300x155.jpg 300w\" sizes=\"auto, (max-width: 600px) 100vw, 600px\" \/>\t\t\t<span class=\"qode_video_box_button_holder\">\n\t\t\t\t<span class=\"qode_video_box_button\">\n\t\t\t\t\t<span class=\"qode_video_box_button_arrow\">\n\t\t\t\t\t<\/span>\n\t\t\t\t<\/span>\n\t\t\t<\/span>\n\t\t\t<\/a>\n<\/div>[\/vc_column_inner][\/vc_row_inner][\/vc_column][\/vc_row][vc_row css_animation=&#8221;&#8221; row_type=&#8221;row&#8221; use_row_as_full_screen_section=&#8221;no&#8221; type=&#8221;grid&#8221; angled_section=&#8221;no&#8221; text_align=&#8221;left&#8221; background_image_as_pattern=&#8221;without_pattern&#8221; css=&#8221;.vc_custom_1510073279616{padding-top: 45px !important;padding-bottom: 45px !important;}&#8221;][vc_column]<div class='q_icon_with_title small normal_icon left_from_title '><div class=\"icon_text_holder\" style=\"\"><div class=\"icon_text_inner\" style=\"\"><div class=\"icon_title_holder\"><div class=\"icon_holder \" style=\" \"><span data-icon-type=\"normal\" class=\"qode_iwt_icon_holder q_font_awsome_icon fa-2x  \"><span aria-hidden=\"true\" class=\"qode_icon_font_elegant icon_cogs qode_iwt_icon_element\" style=\"color: #c51a1b\"><\/span><\/span><\/div><h3 class=\"icon_title\" style=\"\">TECHNOLOGY<\/h3><\/div><p style=''><\/p><\/div><\/div><\/div>[vc_row_inner row_type=&#8221;row&#8221; type=&#8221;full_width&#8221; text_align=&#8221;left&#8221; css_animation=&#8221;&#8221;][vc_column_inner width=&#8221;2\/3&#8243;][vc_column_text css=&#8221;.vc_custom_1517335156825{padding-bottom: 40px !important;}&#8221;]Depending on the construction type, the MULTIROTA is equipped with a different number of star-shaped, rotating brushes. These are individually adjustable, alternately clockwise, counter-clockwise and turning in intervals. To ensure that the brushes are evenly worn and not bended into only one direction after a certain period, the rotating direction of the drive is returned at a given time interval. Height adjustment enables to offset the amount of wear on the brushes. According to your requirement and type of transported material, the assembly of brush wipers with different bristle material takes place.[\/vc_column_text][\/vc_column_inner][vc_column_inner width=&#8221;1\/3&#8243;][vc_single_image image=&#8221;1585&#8243; img_size=&#8221;full&#8221; alignment=&#8221;center&#8221; style=&#8221;vc_box_shadow&#8221; onclick=&#8221;link_image&#8221; qode_css_animation=&#8221;element_from_right&#8221;][\/vc_column_inner][\/vc_row_inner][\/vc_column][\/vc_row][vc_row row_type=&#8221;parallax&#8221; parallax_content_width=&#8221;in_grid&#8221; text_align=&#8221;left&#8221; full_screen_section_height=&#8221;no&#8221; background_image=&#8221;1216&#8243; section_height=&#8221;450&#8243;][vc_column][vc_row_inner row_type=&#8221;row&#8221; type=&#8221;grid&#8221; text_align=&#8221;left&#8221; css_animation=&#8221;&#8221; css=&#8221;.vc_custom_1514455437987{padding-top: 140px !important;padding-bottom: 140px !important;}&#8221;][vc_column_inner width=&#8221;5\/6&#8243;][vc_column_text css=&#8221;.vc_custom_1517238292698{padding-top: 15px !important;padding-right: 5px !important;padding-bottom: 15px !important;padding-left: 10px !important;background-color: #ffffff !important;}&#8221;]<\/p>\n<h1><span style=\"color: #c51a1b;\">MULTIROTA &#8211; The first brush wiper with vertical rotary axes<\/span><\/h1>\n<p>[\/vc_column_text][\/vc_column_inner][vc_column_inner width=&#8221;1\/6&#8243;][\/vc_column_inner][\/vc_row_inner][\/vc_column][\/vc_row][vc_row css_animation=&#8221;element_from_left&#8221; row_type=&#8221;row&#8221; use_row_as_full_screen_section=&#8221;no&#8221; type=&#8221;grid&#8221; angled_section=&#8221;no&#8221; text_align=&#8221;left&#8221; background_image_as_pattern=&#8221;without_pattern&#8221; css=&#8221;.vc_custom_1510756674069{padding-top: 45px !important;padding-bottom: 45px !important;}&#8221;][vc_column]<div class='q_icon_with_title small normal_icon left_from_title '><div class=\"icon_text_holder\" style=\"\"><div class=\"icon_text_inner\" style=\"\"><div class=\"icon_title_holder\"><div class=\"icon_holder \" style=\" \"><span data-icon-type=\"normal\" class=\"qode_iwt_icon_holder q_font_awsome_icon fa-2x  \"><span aria-hidden=\"true\" class=\"qode_icon_font_elegant icon_toolbox qode_iwt_icon_element\" style=\"color: #c51a1b\"><\/span><\/span><\/div><h3 class=\"icon_title\" style=\"\">MAINTENANCE<\/h3><\/div><p style=''><\/p><\/div><\/div><\/div>[vc_row_inner row_type=&#8221;row&#8221; type=&#8221;full_width&#8221; text_align=&#8221;left&#8221; css_animation=&#8221;&#8221;][vc_column_inner width=&#8221;2\/3&#8243;][vc_column_text css=&#8221;.vc_custom_1517335199880{padding-bottom: 40px !important;}&#8221;]The maintenance effort for the MULTIROTA is very low. There are no parts that need to be maintained by the user regularly. [\/vc_column_text][\/vc_column_inner][vc_column_inner width=&#8221;1\/3&#8243;][vc_single_image image=&#8221;1364&#8243; img_size=&#8221;full&#8221; alignment=&#8221;center&#8221; style=&#8221;vc_box_shadow_3d&#8221; qode_css_animation=&#8221;element_from_right&#8221;][\/vc_column_inner][\/vc_row_inner][\/vc_column][\/vc_row][vc_row css_animation=&#8221;element_from_left&#8221; row_type=&#8221;row&#8221; use_row_as_full_screen_section=&#8221;no&#8221; type=&#8221;grid&#8221; angled_section=&#8221;no&#8221; text_align=&#8221;left&#8221; background_image_as_pattern=&#8221;without_pattern&#8221; css=&#8221;.vc_custom_1510756682405{padding-top: 45px !important;padding-bottom: 45px !important;}&#8221;][vc_column]<div class='q_icon_with_title small normal_icon left_from_title '><div class=\"icon_text_holder\" style=\"\"><div class=\"icon_text_inner\" style=\"\"><div class=\"icon_title_holder\"><div class=\"icon_holder \" style=\" \"><span data-icon-type=\"normal\" class=\"qode_iwt_icon_holder q_font_awsome_icon fa-2x  \"><span aria-hidden=\"true\" class=\"qode_icon_font_elegant arrow_triangle-down_alt qode_iwt_icon_element\" style=\"color: #c51a1b\"><\/span><\/span><\/div><h3 class=\"icon_title\" style=\"\">POSITIONING<\/h3><\/div><p style=''><\/p><\/div><\/div><\/div>[vc_row_inner row_type=&#8221;row&#8221; type=&#8221;full_width&#8221; text_align=&#8221;left&#8221; css_animation=&#8221;&#8221;][vc_column_inner width=&#8221;2\/3&#8243;][vc_column_text css=&#8221;.vc_custom_1517335221287{padding-bottom: 40px !important;}&#8221;]The installation of the brush wiper MULTIROTA with the corresponding fastening devices is usually done directly after the driving drum.[\/vc_column_text][\/vc_column_inner][vc_column_inner width=&#8221;1\/3&#8243;][vc_single_image image=&#8221;1363&#8243; img_size=&#8221;full&#8221; alignment=&#8221;center&#8221; style=&#8221;vc_box_shadow_3d&#8221; qode_css_animation=&#8221;element_from_right&#8221; css=&#8221;.vc_custom_1514456994576{padding-top: 10px !important;}&#8221;][\/vc_column_inner][\/vc_row_inner][\/vc_column][\/vc_row][vc_row css_animation=&#8221;&#8221; row_type=&#8221;row&#8221; use_row_as_full_screen_section=&#8221;no&#8221; type=&#8221;full_width&#8221; angled_section=&#8221;no&#8221; text_align=&#8221;left&#8221; background_image_as_pattern=&#8221;without_pattern&#8221; css=&#8221;.vc_custom_1510141946037{padding-top: 45px !important;}&#8221;][vc_column][qode_elements_holder number_of_columns=&#8221;two_columns&#8221; switch_to_one_column=&#8221;1000&#8243;][qode_elements_holder_item advanced_animations=&#8221;no&#8221; background_color=&#8221;#c51a1b&#8221; item_padding=&#8221;2% 20% 2% 20%&#8221; item_padding_768_1024=&#8221;35% 20% 5% 5%&#8221;][vc_empty_space height=&#8221;20px&#8221;][vc_single_image image=&#8221;1602&#8243; img_size=&#8221;full&#8221; alignment=&#8221;center&#8221; onclick=&#8221;custom_link&#8221; img_link_target=&#8221;_blank&#8221; qode_css_animation=&#8221;element_from_fade&#8221; qode_hover_animation=&#8221;zoom_in&#8221; link=&#8221;\/wp-content\/uploads\/2023\/01\/Produktbroschu\u0308re-Maschinenbau-Krumscheid-GmbH-Stand-04.05.2022-Englisch.pdf&#8221;][vc_column_text css=&#8221;.vc_custom_1674555868091{padding-top: 10px !important;padding-left: 30px !important;}&#8221;]<\/p>\n<h2 style=\"text-align: center;\"><a href=\"\/wp-content\/uploads\/2023\/01\/Produktbroschu\u0308re-Maschinenbau-Krumscheid-GmbH-Stand-04.05.2022-Englisch.pdf\"><span style=\"color: #ffffff;\">View Catalog<\/span><\/a>\u00a0<span data-type=\"normal\"  class=\"qode_icon_shortcode  q_font_awsome_icon fa-1x  \" style=\" \"><span aria-hidden=\"true\" class=\"qode_icon_font_elegant icon_document qode_icon_element\" style=\"color: #ffffff;\" ><\/span><\/span><\/h2>\n<p>[\/vc_column_text][\/qode_elements_holder_item][qode_elements_holder_item advanced_animations=&#8221;no&#8221; background_color=&#8221;#c6c6c6&#8243; item_padding=&#8221;2% 20% 2% 20%&#8221; item_padding_1024_1280=&#8221;0 10%&#8221; item_padding_768_1024=&#8221;0 2%&#8221; item_padding_600_768=&#8221;15% 10%&#8221; item_padding_480_600=&#8221;15% 10%&#8221; item_padding_480=&#8221;20% 10%&#8221;][vc_empty_space height=&#8221;20px&#8221;][vc_single_image image=&#8221;1458&#8243; img_size=&#8221;full&#8221; onclick=&#8221;custom_link&#8221; qode_css_animation=&#8221;element_from_fade&#8221; qode_hover_animation=&#8221;zoom_in&#8221; link=&#8221;\/en\/request\/?system-name=Multirota&#8221;][vc_column_text css=&#8221;.vc_custom_1521538878563{padding-top: 10px !important;padding-left: 30px !important;}&#8221;]<\/p>\n<h2><a href=\"\/en\/request\/?system-name=Multirota\"><span style=\"color: #706f6f;\">Directly product request<\/span><\/a>\u00a0<span data-type=\"normal\"  class=\"qode_icon_shortcode  q_font_awsome_icon fa-1x  \" style=\" \"><span aria-hidden=\"true\" class=\"qode_icon_font_elegant icon_document qode_icon_element\" style=\"color: #706f6f;\" ><\/span><\/span><\/h2>\n<p>[\/vc_column_text][\/qode_elements_holder_item][\/qode_elements_holder][\/vc_column][\/vc_row]<\/p>\n<\/div>","protected":false},"excerpt":{"rendered":"<p>[vc_row css_animation=&#8221;element_from_left&#8221; row_type=&#8221;row&#8221; use_row_as_full_screen_section=&#8221;no&#8221; type=&#8221;grid&#8221; angled_section=&#8221;no&#8221; text_align=&#8221;left&#8221; background_image_as_pattern=&#8221;without_pattern&#8221; css=&#8221;.vc_custom_1514456220250{padding-top: 45px !important;padding-bottom: 45px !important;background-color: #706f6f !important;}&#8221;][vc_column][vc_column_text css=&#8221;.vc_custom_1514554787635{padding-top: 10px !important;}&#8221;] The robust, belt friendly brush wiper Multirota [\/vc_column_text][\/vc_column][\/vc_row][vc_row css_animation=&#8221;element_from_left&#8221; row_type=&#8221;row&#8221; use_row_as_full_screen_section=&#8221;no&#8221; type=&#8221;grid&#8221; angled_section=&#8221;no&#8221; text_align=&#8221;left&#8221; background_image_as_pattern=&#8221;without_pattern&#8221; css=&#8221;.vc_custom_1510755521447{padding-top: 45px !important;padding-bottom: 45px !important;}&#8221;][vc_column][vc_row_inner row_type=&#8221;row&#8221; type=&#8221;full_width&#8221; text_align=&#8221;left&#8221; css_animation=&#8221;&#8221;][vc_column_inner width=&#8221;2\/3&#8243;][vc_column_text css=&#8221;.vc_custom_1521382138885{padding-bottom: 40px&#8230;<\/p>\n","protected":false},"author":2,"featured_media":0,"parent":1656,"menu_order":0,"comment_status":"closed","ping_status":"closed","template":"full_width.php","meta":{"footnotes":""},"class_list":["post-1670","page","type-page","status-publish","hentry"],"yoast_head":"<!-- This site is optimized with the Yoast SEO plugin v27.6 - https:\/\/yoast.com\/product\/yoast-seo-wordpress\/ -->\n<title>Multirota B\u00fcrstenabstreifer f\u00fcr F\u00f6rderb\u00e4nder - Maschinenbau Krumscheid<\/title>\n<meta name=\"description\" content=\"Der MULTIROTA ist je nach Bauform mit einer unterschiedlichen Anzahl sternf\u00f6rmiger, drehenden B\u00fcrsten best\u00fcckt. Die Einheit ist individuell einstellbar und hat einen geringen Wartungsaufwand. Direkt den passenden B\u00fcrstenabstreifer f\u00fcr Ihr F\u00f6rderband finden!\" \/>\n<meta name=\"robots\" content=\"index, follow, max-snippet:-1, max-image-preview:large, max-video-preview:-1\" \/>\n<link rel=\"canonical\" href=\"https:\/\/www.krumscheid.de\/en\/products\/multirota\/\" \/>\n<meta property=\"og:locale\" content=\"en_US\" \/>\n<meta property=\"og:type\" content=\"article\" \/>\n<meta property=\"og:title\" content=\"Multirota B\u00fcrstenabstreifer f\u00fcr F\u00f6rderb\u00e4nder - Maschinenbau Krumscheid\" \/>\n<meta property=\"og:description\" content=\"Der MULTIROTA ist je nach Bauform mit einer unterschiedlichen Anzahl sternf\u00f6rmiger, drehenden B\u00fcrsten best\u00fcckt. Die Einheit ist individuell einstellbar und hat einen geringen Wartungsaufwand. Direkt den passenden B\u00fcrstenabstreifer f\u00fcr Ihr F\u00f6rderband finden!\" \/>\n<meta property=\"og:url\" content=\"https:\/\/www.krumscheid.de\/en\/products\/multirota\/\" \/>\n<meta property=\"og:site_name\" content=\"Maschinenbau KS\" \/>\n<meta property=\"article:modified_time\" content=\"2023-01-24T10:24:31+00:00\" \/>\n<meta name=\"twitter:card\" content=\"summary_large_image\" \/>\n<meta name=\"twitter:label1\" content=\"Est. reading time\" \/>\n\t<meta name=\"twitter:data1\" content=\"3 minutes\" \/>\n<script type=\"application\/ld+json\" class=\"yoast-schema-graph\">{\"@context\":\"https:\\\/\\\/schema.org\",\"@graph\":[{\"@type\":\"WebPage\",\"@id\":\"https:\\\/\\\/www.krumscheid.de\\\/en\\\/products\\\/multirota\\\/\",\"url\":\"https:\\\/\\\/www.krumscheid.de\\\/en\\\/products\\\/multirota\\\/\",\"name\":\"Multirota B\u00fcrstenabstreifer f\u00fcr F\u00f6rderb\u00e4nder - Maschinenbau Krumscheid\",\"isPartOf\":{\"@id\":\"https:\\\/\\\/www.krumscheid.de\\\/#website\"},\"datePublished\":\"2018-01-29T15:05:34+00:00\",\"dateModified\":\"2023-01-24T10:24:31+00:00\",\"description\":\"Der MULTIROTA ist je nach Bauform mit einer unterschiedlichen Anzahl sternf\u00f6rmiger, drehenden B\u00fcrsten best\u00fcckt. Die Einheit ist individuell einstellbar und hat einen geringen Wartungsaufwand. Direkt den passenden B\u00fcrstenabstreifer f\u00fcr Ihr F\u00f6rderband finden!\",\"breadcrumb\":{\"@id\":\"https:\\\/\\\/www.krumscheid.de\\\/en\\\/products\\\/multirota\\\/#breadcrumb\"},\"inLanguage\":\"en-US\",\"potentialAction\":[{\"@type\":\"ReadAction\",\"target\":[\"https:\\\/\\\/www.krumscheid.de\\\/en\\\/products\\\/multirota\\\/\"]}]},{\"@type\":\"BreadcrumbList\",\"@id\":\"https:\\\/\\\/www.krumscheid.de\\\/en\\\/products\\\/multirota\\\/#breadcrumb\",\"itemListElement\":[{\"@type\":\"ListItem\",\"position\":1,\"name\":\"F\u00f6rderbandabstreifer\",\"item\":\"https:\\\/\\\/www.krumscheid.de\\\/en\\\/\"},{\"@type\":\"ListItem\",\"position\":2,\"name\":\"Products\",\"item\":\"https:\\\/\\\/www.krumscheid.de\\\/en\\\/products\\\/\"},{\"@type\":\"ListItem\",\"position\":3,\"name\":\"Multirota brush wiper\"}]},{\"@type\":\"WebSite\",\"@id\":\"https:\\\/\\\/www.krumscheid.de\\\/#website\",\"url\":\"https:\\\/\\\/www.krumscheid.de\\\/\",\"name\":\"Maschinenbau KS\",\"description\":\"Produkte f\u00fcr die F\u00f6rdertechnik\",\"potentialAction\":[{\"@type\":\"SearchAction\",\"target\":{\"@type\":\"EntryPoint\",\"urlTemplate\":\"https:\\\/\\\/www.krumscheid.de\\\/?s={search_term_string}\"},\"query-input\":{\"@type\":\"PropertyValueSpecification\",\"valueRequired\":true,\"valueName\":\"search_term_string\"}}],\"inLanguage\":\"en-US\"}]}<\/script>\n<!-- \/ Yoast SEO plugin. -->","yoast_head_json":{"title":"Multirota B\u00fcrstenabstreifer f\u00fcr F\u00f6rderb\u00e4nder - Maschinenbau Krumscheid","description":"Der MULTIROTA ist je nach Bauform mit einer unterschiedlichen Anzahl sternf\u00f6rmiger, drehenden B\u00fcrsten best\u00fcckt. Die Einheit ist individuell einstellbar und hat einen geringen Wartungsaufwand. Direkt den passenden B\u00fcrstenabstreifer f\u00fcr Ihr F\u00f6rderband finden!","robots":{"index":"index","follow":"follow","max-snippet":"max-snippet:-1","max-image-preview":"max-image-preview:large","max-video-preview":"max-video-preview:-1"},"canonical":"https:\/\/www.krumscheid.de\/en\/products\/multirota\/","og_locale":"en_US","og_type":"article","og_title":"Multirota B\u00fcrstenabstreifer f\u00fcr F\u00f6rderb\u00e4nder - Maschinenbau Krumscheid","og_description":"Der MULTIROTA ist je nach Bauform mit einer unterschiedlichen Anzahl sternf\u00f6rmiger, drehenden B\u00fcrsten best\u00fcckt. Die Einheit ist individuell einstellbar und hat einen geringen Wartungsaufwand. Direkt den passenden B\u00fcrstenabstreifer f\u00fcr Ihr F\u00f6rderband finden!","og_url":"https:\/\/www.krumscheid.de\/en\/products\/multirota\/","og_site_name":"Maschinenbau KS","article_modified_time":"2023-01-24T10:24:31+00:00","twitter_card":"summary_large_image","twitter_misc":{"Est. reading time":"3 minutes"},"schema":{"@context":"https:\/\/schema.org","@graph":[{"@type":"WebPage","@id":"https:\/\/www.krumscheid.de\/en\/products\/multirota\/","url":"https:\/\/www.krumscheid.de\/en\/products\/multirota\/","name":"Multirota B\u00fcrstenabstreifer f\u00fcr F\u00f6rderb\u00e4nder - Maschinenbau Krumscheid","isPartOf":{"@id":"https:\/\/www.krumscheid.de\/#website"},"datePublished":"2018-01-29T15:05:34+00:00","dateModified":"2023-01-24T10:24:31+00:00","description":"Der MULTIROTA ist je nach Bauform mit einer unterschiedlichen Anzahl sternf\u00f6rmiger, drehenden B\u00fcrsten best\u00fcckt. Die Einheit ist individuell einstellbar und hat einen geringen Wartungsaufwand. Direkt den passenden B\u00fcrstenabstreifer f\u00fcr Ihr F\u00f6rderband finden!","breadcrumb":{"@id":"https:\/\/www.krumscheid.de\/en\/products\/multirota\/#breadcrumb"},"inLanguage":"en-US","potentialAction":[{"@type":"ReadAction","target":["https:\/\/www.krumscheid.de\/en\/products\/multirota\/"]}]},{"@type":"BreadcrumbList","@id":"https:\/\/www.krumscheid.de\/en\/products\/multirota\/#breadcrumb","itemListElement":[{"@type":"ListItem","position":1,"name":"F\u00f6rderbandabstreifer","item":"https:\/\/www.krumscheid.de\/en\/"},{"@type":"ListItem","position":2,"name":"Products","item":"https:\/\/www.krumscheid.de\/en\/products\/"},{"@type":"ListItem","position":3,"name":"Multirota brush wiper"}]},{"@type":"WebSite","@id":"https:\/\/www.krumscheid.de\/#website","url":"https:\/\/www.krumscheid.de\/","name":"Maschinenbau KS","description":"Produkte f\u00fcr die F\u00f6rdertechnik","potentialAction":[{"@type":"SearchAction","target":{"@type":"EntryPoint","urlTemplate":"https:\/\/www.krumscheid.de\/?s={search_term_string}"},"query-input":{"@type":"PropertyValueSpecification","valueRequired":true,"valueName":"search_term_string"}}],"inLanguage":"en-US"}]}},"_links":{"self":[{"href":"https:\/\/www.krumscheid.de\/en\/wp-json\/wp\/v2\/pages\/1670","targetHints":{"allow":["GET"]}}],"collection":[{"href":"https:\/\/www.krumscheid.de\/en\/wp-json\/wp\/v2\/pages"}],"about":[{"href":"https:\/\/www.krumscheid.de\/en\/wp-json\/wp\/v2\/types\/page"}],"author":[{"embeddable":true,"href":"https:\/\/www.krumscheid.de\/en\/wp-json\/wp\/v2\/users\/2"}],"replies":[{"embeddable":true,"href":"https:\/\/www.krumscheid.de\/en\/wp-json\/wp\/v2\/comments?post=1670"}],"version-history":[{"count":14,"href":"https:\/\/www.krumscheid.de\/en\/wp-json\/wp\/v2\/pages\/1670\/revisions"}],"predecessor-version":[{"id":2406,"href":"https:\/\/www.krumscheid.de\/en\/wp-json\/wp\/v2\/pages\/1670\/revisions\/2406"}],"up":[{"embeddable":true,"href":"https:\/\/www.krumscheid.de\/en\/wp-json\/wp\/v2\/pages\/1656"}],"wp:attachment":[{"href":"https:\/\/www.krumscheid.de\/en\/wp-json\/wp\/v2\/media?parent=1670"}],"curies":[{"name":"wp","href":"https:\/\/api.w.org\/{rel}","templated":true}]}}