{"id":1681,"date":"2018-01-29T16:30:32","date_gmt":"2018-01-29T15:30:32","guid":{"rendered":"http:\/\/staging.krumscheid.de\/?page_id=1681"},"modified":"2018-05-07T10:10:19","modified_gmt":"2018-05-07T08:10:19","slug":"contact","status":"publish","type":"page","link":"https:\/\/www.krumscheid.de\/en\/contact\/","title":{"rendered":"Contact"},"content":{"rendered":"<div class=\"wpb-content-wrapper\"><p>[vc_row css_animation=&#8221;&#8221; row_type=&#8221;row&#8221; use_row_as_full_screen_section=&#8221;no&#8221; type=&#8221;grid&#8221; angled_section=&#8221;no&#8221; text_align=&#8221;left&#8221; background_image_as_pattern=&#8221;without_pattern&#8221; css=&#8221;.vc_custom_1509023156254{padding-top: 120px !important;padding-bottom: 80px !important;}&#8221;][vc_column]<div class='google_map_shortcode_holder' style='height:545px;'><div class='qode_google_map' style='height:545px;' id='map_canvas_8150' data-addresses='[\"Josef-Reuschenbach-Stra\u00dfe 3, 53547 Breitscheid Deutschland\"]' data-custom-map-style='true' data-color-overlay='#706f6f' data-saturation='-100' data-lightness='20' data-zoom='9' data-pin='https:\/\/www.krumscheid.de\/wp-content\/uploads\/2017\/10\/map-pin-Krumscheid_3.png' data-unique-id='8150' data-google-maps-scroll-wheel='false' data-snazzy-map-style='no' data-map-height='545'><\/div><div class='google_map_shortcode_overlay'><\/div><\/div>[\/vc_column][\/vc_row][vc_row css_animation=&#8221;&#8221; row_type=&#8221;row&#8221; use_row_as_full_screen_section=&#8221;no&#8221; type=&#8221;grid&#8221; angled_section=&#8221;no&#8221; text_align=&#8221;left&#8221; background_image_as_pattern=&#8221;without_pattern&#8221; css=&#8221;.vc_custom_1509023855207{padding-bottom: 60px !important;}&#8221;][vc_column width=&#8221;3\/4&#8243;][vc_column_text css=&#8221;.vc_custom_1517239800826{padding-bottom: 20px !important;}&#8221;]<\/p>\n<h4><span data-type=\"normal\"  class=\"qode_icon_shortcode  q_font_awsome_icon fa-1x pull-left \" style=\" \"><span aria-hidden=\"true\" class=\"qode_icon_font_elegant icon_contacts qode_icon_element\" style=\"color: #c51a1b;\" ><\/span><\/span>\u00a0<span style=\"color: #c51a1b;\"> Contact form<\/span><\/h4>\n<p>[\/vc_column_text]\n<div class=\"wpcf7 no-js\" id=\"wpcf7-f2080-o1\" lang=\"de-DE\" dir=\"ltr\" data-wpcf7-id=\"2080\">\n<div class=\"screen-reader-response\"><p role=\"status\" aria-live=\"polite\" aria-atomic=\"true\"><\/p> <ul><\/ul><\/div>\n<form action=\"\/en\/wp-json\/wp\/v2\/pages\/1681#wpcf7-f2080-o1\" method=\"post\" class=\"wpcf7-form init cf7_custom_style_3\" aria-label=\"Kontaktformular\" novalidate=\"novalidate\" data-status=\"init\">\n<fieldset class=\"hidden-fields-container\"><input type=\"hidden\" name=\"_wpcf7\" value=\"2080\" \/><input type=\"hidden\" name=\"_wpcf7_version\" value=\"6.1.6\" \/><input type=\"hidden\" name=\"_wpcf7_locale\" value=\"de_DE\" \/><input type=\"hidden\" name=\"_wpcf7_unit_tag\" value=\"wpcf7-f2080-o1\" \/><input type=\"hidden\" name=\"_wpcf7_container_post\" value=\"0\" \/><input type=\"hidden\" name=\"_wpcf7_posted_data_hash\" value=\"\" \/><input type=\"hidden\" name=\"_wpcf7cf_hidden_group_fields\" value=\"[]\" \/><input type=\"hidden\" name=\"_wpcf7cf_hidden_groups\" value=\"[]\" \/><input type=\"hidden\" name=\"_wpcf7cf_visible_groups\" value=\"[]\" \/><input type=\"hidden\" name=\"_wpcf7cf_repeaters\" value=\"[]\" \/><input type=\"hidden\" name=\"_wpcf7cf_steps\" value=\"{}\" \/><input type=\"hidden\" name=\"_wpcf7cf_options\" value=\"{&quot;form_id&quot;:2080,&quot;conditions&quot;:[],&quot;settings&quot;:{&quot;animation&quot;:&quot;yes&quot;,&quot;animation_intime&quot;:200,&quot;animation_outtime&quot;:200,&quot;conditions_ui&quot;:&quot;normal&quot;,&quot;notice_dismissed&quot;:false,&quot;notice_dismissed_rollback-cf7-6.0.5&quot;:true}}\" \/>\n<\/fieldset>\n<p><label> Company (Pflichtfeld)<br \/>\n<span class=\"wpcf7-form-control-wrap\" data-name=\"Unternehmen\"><input size=\"40\" maxlength=\"400\" class=\"wpcf7-form-control wpcf7-text wpcf7-validates-as-required\" aria-required=\"true\" aria-invalid=\"false\" value=\"\" type=\"text\" name=\"Unternehmen\" \/><\/span><\/label>\n<\/p>\n<p>Company informations (Pflichtfelder)<br \/>\n<label>Street <span class=\"wpcf7-form-control-wrap\" data-name=\"adresse-strasse\"><input size=\"40\" maxlength=\"400\" class=\"wpcf7-form-control wpcf7-text wpcf7-validates-as-required\" aria-required=\"true\" aria-invalid=\"false\" value=\"\" type=\"text\" name=\"adresse-strasse\" \/><\/span><\/label><br \/>\n<label>Postal Code <span class=\"wpcf7-form-control-wrap\" data-name=\"adresse-plz\"><input size=\"40\" maxlength=\"400\" class=\"wpcf7-form-control wpcf7-text wpcf7-validates-as-required\" aria-required=\"true\" aria-invalid=\"false\" value=\"\" type=\"text\" name=\"adresse-plz\" \/><\/span><\/label><br \/>\n<label>Place <span class=\"wpcf7-form-control-wrap\" data-name=\"adresse-stadt\"><input size=\"40\" maxlength=\"400\" class=\"wpcf7-form-control wpcf7-text wpcf7-validates-as-required\" aria-required=\"true\" aria-invalid=\"false\" value=\"\" type=\"text\" name=\"adresse-stadt\" \/><\/span><\/label>\n<\/p>\n<p><label> >Your Name (Pflichtfeld)<br \/>\n<span class=\"wpcf7-form-control-wrap\" data-name=\"your-name\"><input size=\"40\" maxlength=\"400\" class=\"wpcf7-form-control wpcf7-text wpcf7-validates-as-required\" aria-required=\"true\" aria-invalid=\"false\" value=\"\" type=\"text\" name=\"your-name\" \/><\/span> <\/label>\n<\/p>\n<p><label> Your E-mail Adress (Pflichtfeld)<br \/>\n<span class=\"wpcf7-form-control-wrap\" data-name=\"your-email\"><input size=\"40\" maxlength=\"400\" class=\"wpcf7-form-control wpcf7-email wpcf7-validates-as-required wpcf7-text wpcf7-validates-as-email\" aria-required=\"true\" aria-invalid=\"false\" value=\"\" type=\"email\" name=\"your-email\" \/><\/span> <\/label>\n<\/p>\n<p><label> Subject<br \/>\n<span class=\"wpcf7-form-control-wrap\" data-name=\"your-subject\"><input size=\"40\" maxlength=\"400\" class=\"wpcf7-form-control wpcf7-text\" aria-invalid=\"false\" value=\"\" type=\"text\" name=\"your-subject\" \/><\/span> <\/label>\n<\/p>\n<p><label> Your message<br \/>\n<span class=\"wpcf7-form-control-wrap\" data-name=\"your-message\"><textarea cols=\"40\" rows=\"10\" maxlength=\"2000\" class=\"wpcf7-form-control wpcf7-textarea\" aria-invalid=\"false\" name=\"your-message\"><\/textarea><\/span> <\/label>\n<\/p>\n<p><span class=\"wpcf7-form-control-wrap\" data-name=\"hcap-cf7\">\t\t<input\n\t\t\t\ttype=\"hidden\"\n\t\t\t\tclass=\"hcaptcha-widget-id\"\n\t\t\t\tname=\"hcaptcha-widget-id\"\n\t\t\t\tvalue=\"eyJzb3VyY2UiOlsiY29udGFjdC1mb3JtLTdcL3dwLWNvbnRhY3QtZm9ybS03LnBocCJdLCJmb3JtX2lkIjoyMDgwfQ==-f5ca3d849abea41ec0bcd11b6be4ad1d\">\n\t\t\t\t<span id=\"hcap_cf7-6a085c64dfe263.12427464\" class=\"wpcf7-form-control h-captcha \"\n\t\t\tdata-sitekey=\"b56e4868-48f2-4346-9b8e-da628e8c0512\"\n\t\t\tdata-theme=\"light\"\n\t\t\tdata-size=\"normal\"\n\t\t\tdata-auto=\"false\"\n\t\t\tdata-ajax=\"false\"\n\t\t\tdata-force=\"false\">\n\t\t<\/span>\n\t\t<input type=\"hidden\" id=\"_wpnonce\" name=\"_wpnonce\" value=\"a2da970322\" \/><input type=\"hidden\" name=\"_wp_http_referer\" value=\"\/en\/wp-json\/wp\/v2\/pages\/1681\" \/><\/span><input class=\"wpcf7-form-control wpcf7-submit has-spinner\" type=\"submit\" value=\"Send\" \/>\n<\/p><div class=\"wpcf7-response-output\" aria-hidden=\"true\"><\/div>\n<\/form>\n<\/div>\n[\/vc_column][vc_column width=&#8221;1\/4&#8243; css=&#8221;.vc_custom_1510246118000{padding-top: 5px !important;}&#8221;][vc_column_text]<\/p>\n<h4><span data-type=\"normal\"  class=\"qode_icon_shortcode  q_font_awsome_icon fa-1x pull-left \" style=\" \"><span aria-hidden=\"true\" class=\"qode_icon_font_elegant icon_map qode_icon_element\" style=\"color: #c51a1b;\" ><\/span><\/span>\u00a0<span style=\"color: #c51a1b;\">Adress<\/span><\/h4>\n<p>[\/vc_column_text][vc_empty_space height=&#8221;13px&#8221;][vc_column_text]<\/p>\n<div>\n<p class=\"section-hero-header-title\">Josef-Reuschenbach-Stra\u00dfe 3<\/p>\n<\/div>\n<p class=\"section-hero-header-subtitle\">53547 Breitscheid (D)<\/p>\n<p>[\/vc_column_text][vc_empty_space height=&#8221;27px&#8221;][vc_column_text]<\/p>\n<h4><span style=\"color: #c51a1b;\"><span data-type=\"normal\"  class=\"qode_icon_shortcode  q_font_awsome_icon fa-1x pull-left \" style=\" \"><span aria-hidden=\"true\" class=\"qode_icon_font_elegant icon_phone qode_icon_element\" style=\"color: #c51a1b;\" ><\/span><\/span>\u00a0Phone <\/span><\/h4>\n<p>[\/vc_column_text][vc_empty_space height=&#8221;13px&#8221;][vc_column_text]<\/p>\n<div>\n<p class=\"section-hero-header-title\">+49 (0) 26 38 \/ 93 40 &#8211; 0<\/p>\n<\/div>\n<p class=\"section-hero-header-subtitle\">+49 (0) 26 38 \/ 93 40 &#8211; 40 (FAX)<\/p>\n<p>[\/vc_column_text][vc_empty_space height=&#8221;27px&#8221;][vc_column_text]<\/p>\n<h4><span data-type=\"normal\"  class=\"qode_icon_shortcode  q_font_awsome_icon fa-1x pull-left \" style=\" \"><span aria-hidden=\"true\" class=\"qode_icon_font_elegant icon_mail qode_icon_element\" style=\"color: #c51a1b;\" ><\/span><\/span> \u00a0\u00a0<span style=\"color: #c51a1b;\"> E-mail<\/span><\/h4>\n<p>[\/vc_column_text][vc_empty_space height=&#8221;13px&#8221;][vc_column_text]info@krumscheid.de[\/vc_column_text][\/vc_column][\/vc_row]<\/p>\n<\/div>","protected":false},"excerpt":{"rendered":"<p>[vc_row css_animation=&#8221;&#8221; row_type=&#8221;row&#8221; use_row_as_full_screen_section=&#8221;no&#8221; type=&#8221;grid&#8221; angled_section=&#8221;no&#8221; text_align=&#8221;left&#8221; background_image_as_pattern=&#8221;without_pattern&#8221; css=&#8221;.vc_custom_1509023156254{padding-top: 120px !important;padding-bottom: 80px !important;}&#8221;][vc_column][\/vc_column][\/vc_row][vc_row css_animation=&#8221;&#8221; row_type=&#8221;row&#8221; use_row_as_full_screen_section=&#8221;no&#8221; type=&#8221;grid&#8221; angled_section=&#8221;no&#8221; text_align=&#8221;left&#8221; background_image_as_pattern=&#8221;without_pattern&#8221; css=&#8221;.vc_custom_1509023855207{padding-bottom: 60px !important;}&#8221;][vc_column width=&#8221;3\/4&#8243;][vc_column_text css=&#8221;.vc_custom_1517239800826{padding-bottom: 20px !important;}&#8221;] \u00a0 Contact form [\/vc_column_text][\/vc_column][vc_column width=&#8221;1\/4&#8243; css=&#8221;.vc_custom_1510246118000{padding-top: 5px !important;}&#8221;][vc_column_text] \u00a0Adress [\/vc_column_text][vc_empty_space height=&#8221;13px&#8221;][vc_column_text] Josef-Reuschenbach-Stra\u00dfe 3 53547 Breitscheid (D) [\/vc_column_text][vc_empty_space height=&#8221;27px&#8221;][vc_column_text]&#8230;<\/p>\n","protected":false},"author":2,"featured_media":0,"parent":0,"menu_order":0,"comment_status":"closed","ping_status":"closed","template":"full_width.php","meta":{"footnotes":""},"class_list":["post-1681","page","type-page","status-publish","hentry"],"yoast_head":"<!-- This site is optimized with the Yoast SEO plugin v27.6 - https:\/\/yoast.com\/product\/yoast-seo-wordpress\/ -->\n<title>Kontakt zu Maschinenbau Krumscheid GmbH in Breitscheid (D)<\/title>\n<meta name=\"description\" content=\"Die Maschinenbau Krumscheid GmbH ist ihr Partner in Maschinenbau und Teilen f\u00fcr die F\u00f6rdertechnik. Wir freuen uns auf Ihre Anfrage und stehen bei R\u00fcckfragen gerne zur Verf\u00fcgung.\" \/>\n<meta name=\"robots\" content=\"index, follow, max-snippet:-1, max-image-preview:large, max-video-preview:-1\" \/>\n<link rel=\"canonical\" href=\"https:\/\/www.krumscheid.de\/en\/contact\/\" \/>\n<meta property=\"og:locale\" content=\"en_US\" \/>\n<meta property=\"og:type\" content=\"article\" \/>\n<meta property=\"og:title\" content=\"Kontakt zu Maschinenbau Krumscheid GmbH in Breitscheid (D)\" \/>\n<meta property=\"og:description\" content=\"Die Maschinenbau Krumscheid GmbH ist ihr Partner in Maschinenbau und Teilen f\u00fcr die F\u00f6rdertechnik. Wir freuen uns auf Ihre Anfrage und stehen bei R\u00fcckfragen gerne zur Verf\u00fcgung.\" \/>\n<meta property=\"og:url\" content=\"https:\/\/www.krumscheid.de\/en\/contact\/\" \/>\n<meta property=\"og:site_name\" content=\"Maschinenbau KS\" \/>\n<meta property=\"article:modified_time\" content=\"2018-05-07T08:10:19+00:00\" \/>\n<meta name=\"twitter:card\" content=\"summary_large_image\" \/>\n<meta name=\"twitter:label1\" content=\"Est. reading time\" \/>\n\t<meta name=\"twitter:data1\" content=\"2 minutes\" \/>\n<script type=\"application\/ld+json\" class=\"yoast-schema-graph\">{\"@context\":\"https:\\\/\\\/schema.org\",\"@graph\":[{\"@type\":\"WebPage\",\"@id\":\"https:\\\/\\\/www.krumscheid.de\\\/en\\\/contact\\\/\",\"url\":\"https:\\\/\\\/www.krumscheid.de\\\/en\\\/contact\\\/\",\"name\":\"Kontakt zu Maschinenbau Krumscheid GmbH in Breitscheid (D)\",\"isPartOf\":{\"@id\":\"https:\\\/\\\/www.krumscheid.de\\\/#website\"},\"datePublished\":\"2018-01-29T15:30:32+00:00\",\"dateModified\":\"2018-05-07T08:10:19+00:00\",\"description\":\"Die Maschinenbau Krumscheid GmbH ist ihr Partner in Maschinenbau und Teilen f\u00fcr die F\u00f6rdertechnik. Wir freuen uns auf Ihre Anfrage und stehen bei R\u00fcckfragen gerne zur Verf\u00fcgung.\",\"breadcrumb\":{\"@id\":\"https:\\\/\\\/www.krumscheid.de\\\/en\\\/contact\\\/#breadcrumb\"},\"inLanguage\":\"en-US\",\"potentialAction\":[{\"@type\":\"ReadAction\",\"target\":[\"https:\\\/\\\/www.krumscheid.de\\\/en\\\/contact\\\/\"]}]},{\"@type\":\"BreadcrumbList\",\"@id\":\"https:\\\/\\\/www.krumscheid.de\\\/en\\\/contact\\\/#breadcrumb\",\"itemListElement\":[{\"@type\":\"ListItem\",\"position\":1,\"name\":\"F\u00f6rderbandabstreifer\",\"item\":\"https:\\\/\\\/www.krumscheid.de\\\/en\\\/\"},{\"@type\":\"ListItem\",\"position\":2,\"name\":\"Contact\"}]},{\"@type\":\"WebSite\",\"@id\":\"https:\\\/\\\/www.krumscheid.de\\\/#website\",\"url\":\"https:\\\/\\\/www.krumscheid.de\\\/\",\"name\":\"Maschinenbau KS\",\"description\":\"Produkte f\u00fcr die F\u00f6rdertechnik\",\"potentialAction\":[{\"@type\":\"SearchAction\",\"target\":{\"@type\":\"EntryPoint\",\"urlTemplate\":\"https:\\\/\\\/www.krumscheid.de\\\/?s={search_term_string}\"},\"query-input\":{\"@type\":\"PropertyValueSpecification\",\"valueRequired\":true,\"valueName\":\"search_term_string\"}}],\"inLanguage\":\"en-US\"}]}<\/script>\n<!-- \/ Yoast SEO plugin. -->","yoast_head_json":{"title":"Kontakt zu Maschinenbau Krumscheid GmbH in Breitscheid (D)","description":"Die Maschinenbau Krumscheid GmbH ist ihr Partner in Maschinenbau und Teilen f\u00fcr die F\u00f6rdertechnik. Wir freuen uns auf Ihre Anfrage und stehen bei R\u00fcckfragen gerne zur Verf\u00fcgung.","robots":{"index":"index","follow":"follow","max-snippet":"max-snippet:-1","max-image-preview":"max-image-preview:large","max-video-preview":"max-video-preview:-1"},"canonical":"https:\/\/www.krumscheid.de\/en\/contact\/","og_locale":"en_US","og_type":"article","og_title":"Kontakt zu Maschinenbau Krumscheid GmbH in Breitscheid (D)","og_description":"Die Maschinenbau Krumscheid GmbH ist ihr Partner in Maschinenbau und Teilen f\u00fcr die F\u00f6rdertechnik. Wir freuen uns auf Ihre Anfrage und stehen bei R\u00fcckfragen gerne zur Verf\u00fcgung.","og_url":"https:\/\/www.krumscheid.de\/en\/contact\/","og_site_name":"Maschinenbau KS","article_modified_time":"2018-05-07T08:10:19+00:00","twitter_card":"summary_large_image","twitter_misc":{"Est. reading time":"2 minutes"},"schema":{"@context":"https:\/\/schema.org","@graph":[{"@type":"WebPage","@id":"https:\/\/www.krumscheid.de\/en\/contact\/","url":"https:\/\/www.krumscheid.de\/en\/contact\/","name":"Kontakt zu Maschinenbau Krumscheid GmbH in Breitscheid (D)","isPartOf":{"@id":"https:\/\/www.krumscheid.de\/#website"},"datePublished":"2018-01-29T15:30:32+00:00","dateModified":"2018-05-07T08:10:19+00:00","description":"Die Maschinenbau Krumscheid GmbH ist ihr Partner in Maschinenbau und Teilen f\u00fcr die F\u00f6rdertechnik. Wir freuen uns auf Ihre Anfrage und stehen bei R\u00fcckfragen gerne zur Verf\u00fcgung.","breadcrumb":{"@id":"https:\/\/www.krumscheid.de\/en\/contact\/#breadcrumb"},"inLanguage":"en-US","potentialAction":[{"@type":"ReadAction","target":["https:\/\/www.krumscheid.de\/en\/contact\/"]}]},{"@type":"BreadcrumbList","@id":"https:\/\/www.krumscheid.de\/en\/contact\/#breadcrumb","itemListElement":[{"@type":"ListItem","position":1,"name":"F\u00f6rderbandabstreifer","item":"https:\/\/www.krumscheid.de\/en\/"},{"@type":"ListItem","position":2,"name":"Contact"}]},{"@type":"WebSite","@id":"https:\/\/www.krumscheid.de\/#website","url":"https:\/\/www.krumscheid.de\/","name":"Maschinenbau KS","description":"Produkte f\u00fcr die F\u00f6rdertechnik","potentialAction":[{"@type":"SearchAction","target":{"@type":"EntryPoint","urlTemplate":"https:\/\/www.krumscheid.de\/?s={search_term_string}"},"query-input":{"@type":"PropertyValueSpecification","valueRequired":true,"valueName":"search_term_string"}}],"inLanguage":"en-US"}]}},"_links":{"self":[{"href":"https:\/\/www.krumscheid.de\/en\/wp-json\/wp\/v2\/pages\/1681","targetHints":{"allow":["GET"]}}],"collection":[{"href":"https:\/\/www.krumscheid.de\/en\/wp-json\/wp\/v2\/pages"}],"about":[{"href":"https:\/\/www.krumscheid.de\/en\/wp-json\/wp\/v2\/types\/page"}],"author":[{"embeddable":true,"href":"https:\/\/www.krumscheid.de\/en\/wp-json\/wp\/v2\/users\/2"}],"replies":[{"embeddable":true,"href":"https:\/\/www.krumscheid.de\/en\/wp-json\/wp\/v2\/comments?post=1681"}],"version-history":[{"count":7,"href":"https:\/\/www.krumscheid.de\/en\/wp-json\/wp\/v2\/pages\/1681\/revisions"}],"predecessor-version":[{"id":2081,"href":"https:\/\/www.krumscheid.de\/en\/wp-json\/wp\/v2\/pages\/1681\/revisions\/2081"}],"wp:attachment":[{"href":"https:\/\/www.krumscheid.de\/en\/wp-json\/wp\/v2\/media?parent=1681"}],"curies":[{"name":"wp","href":"https:\/\/api.w.org\/{rel}","templated":true}]}}